{"id":79,"date":"2015-03-20T10:19:40","date_gmt":"2015-03-20T08:19:40","guid":{"rendered":"http:\/\/www.medienzentren-hessen.de\/?page_id=79"},"modified":"2018-06-03T17:30:05","modified_gmt":"2018-06-03T15:30:05","slug":"online-diagnose-sekundarstufe","status":"publish","type":"page","link":"https:\/\/www.medienzentren-hessen.de\/?page_id=79","title":{"rendered":"Online-Diagnose Sekundarstufe"},"content":{"rendered":"<p style=\"color: #666666;\"><strong>Was ist die Online-Diagnose Sekundarstufe?<\/strong><\/p>\n<p style=\"color: #666666;\">Die Online-Diagnose ist ein zeitsparendes Test- und F\u00f6rderprogramm f\u00fcr die F\u00e4cher Deutsch, Mathematik und Englisch in den Klassenstufen 5 bis 9. Mit diesem Tool k\u00f6nnen Sie Lernst\u00e4nde Ihrer Sch\u00fclerinnen und Sch\u00fcler in den wichtigsten Kompetenzbereichen eines Jahrgangs einfach und zuverl\u00e4ssig diagnostizieren und erhalten automatisch auf die Testergebnisse abgestimmte F\u00f6rdermaterialien.<\/p>\n<p style=\"color: #666666;\">Weitere Informationen unter<a style=\"font-style: italic; color: #336699;\" href=\"http:\/\/www.grundschuldiagnose.de\/\" target=\"_blank\">\u00a0<\/a><a style=\"font-style: italic; color: #336699;\" href=\"http:\/\/www.onlinediagnose.de\/\" target=\"_blank\">www.onlinediagnose.de<\/a>.<\/p>\n<p style=\"color: #666666;\"><span style=\"color: #ff6600;\"><strong><br \/>\nSonderkonditionen bei Bestellung \u00fcber das Medienzentrum<\/strong><\/span><\/p>\n<p class=\"style24\" style=\"color: #666666;\">Die Landeslizenz der Online-Diagnose-Sekundarstufe ist am 31.08.2014 ausgelaufen.\u00a0Bei Bestellungen \u00fcber ihr Medienzentrum\u00a0k\u00f6nnen die Schulen eine Jahreslizenz zum reduzierten Preis\u00a0erwerben.<\/p>\n<p>&nbsp;<\/p>\n","protected":false},"excerpt":{"rendered":"<p>Was ist die Online-Diagnose Sekundarstufe? Die Online-Diagnose ist ein zeitsparendes Test- und F\u00f6rderprogramm f\u00fcr die F\u00e4cher Deutsch, Mathematik und Englisch in den Klassenstufen 5 bis 9. Mit diesem Tool k\u00f6nnen Sie Lernst\u00e4nde Ihrer Sch\u00fclerinnen und Sch\u00fcler in den wichtigsten Kompetenzbereichen eines Jahrgangs einfach und zuverl\u00e4ssig diagnostizieren und erhalten automatisch auf die Testergebnisse abgestimmte F\u00f6rdermaterialien. Weitere &hellip; <\/p>\n<p class=\"link-more\"><a href=\"https:\/\/www.medienzentren-hessen.de\/?page_id=79\" class=\"more-link\"><span class=\"screen-reader-text\">\u201eOnline-Diagnose Sekundarstufe\u201c<\/span> weiterlesen<\/a><\/p>\n","protected":false},"author":1,"featured_media":0,"parent":0,"menu_order":0,"comment_status":"closed","ping_status":"closed","template":"","meta":{"footnotes":""},"class_list":["post-79","page","type-page","status-publish","hentry"],"_links":{"self":[{"href":"https:\/\/www.medienzentren-hessen.de\/index.php?rest_route=\/wp\/v2\/pages\/79","targetHints":{"allow":["GET"]}}],"collection":[{"href":"https:\/\/www.medienzentren-hessen.de\/index.php?rest_route=\/wp\/v2\/pages"}],"about":[{"href":"https:\/\/www.medienzentren-hessen.de\/index.php?rest_route=\/wp\/v2\/types\/page"}],"author":[{"embeddable":true,"href":"https:\/\/www.medienzentren-hessen.de\/index.php?rest_route=\/wp\/v2\/users\/1"}],"replies":[{"embeddable":true,"href":"https:\/\/www.medienzentren-hessen.de\/index.php?rest_route=%2Fwp%2Fv2%2Fcomments&post=79"}],"version-history":[{"count":3,"href":"https:\/\/www.medienzentren-hessen.de\/index.php?rest_route=\/wp\/v2\/pages\/79\/revisions"}],"predecessor-version":[{"id":230,"href":"https:\/\/www.medienzentren-hessen.de\/index.php?rest_route=\/wp\/v2\/pages\/79\/revisions\/230"}],"wp:attachment":[{"href":"https:\/\/www.medienzentren-hessen.de\/index.php?rest_route=%2Fwp%2Fv2%2Fmedia&parent=79"}],"curies":[{"name":"wp","href":"https:\/\/api.w.org\/{rel}","templated":true}]}}