{"id":77,"date":"2015-03-20T10:18:47","date_gmt":"2015-03-20T08:18:47","guid":{"rendered":"http:\/\/www.medienzentren-hessen.de\/?page_id=77"},"modified":"2018-06-03T17:29:50","modified_gmt":"2018-06-03T15:29:50","slug":"online-diagnose-grundschule","status":"publish","type":"page","link":"https:\/\/www.medienzentren-hessen.de\/?page_id=77","title":{"rendered":"Online Diagnose Grundschule"},"content":{"rendered":"<p style=\"color: #666666;\"><span style=\"color: #008000;\"><strong>Was ist die Online-Diagnose Grundschule?<\/strong><\/span><\/p>\n<p style=\"color: #666666;\">Online-Diagnose Grundschule richtet sich an Lehrkr\u00e4fte der Klassen 2 bis 4. Das Programm unterst\u00fctzt diese darin, den Lernstand der Sch\u00fclerinnen und Sch\u00fcler in den F\u00e4chern Deutsch und Mathematik einfach, schnell und genau zu testen und zu diagnostizieren. So k\u00f6nnen die Lehrkr\u00e4fte fr\u00fchzeitig F\u00f6rderma\u00dfnahmen einleiten. Hierbei helfen die F\u00f6rdermaterialien, die auf Basis der Testergebnisse automatisch zusammengestellt werden. Jedes einzelne Kind erh\u00e4lt so eine individuell zugeschnittene F\u00f6rdermappe.<\/p>\n<p style=\"color: #666666;\">Weitere Informationen unter<a style=\"font-style: italic; color: #336699;\" href=\"http:\/\/www.grundschuldiagnose.de\/\" target=\"_blank\">\u00a0www.grundschuldiagnose.de<\/a>.<\/p>\n<p style=\"color: #666666;\"><span style=\"color: #008000;\"><strong>Sonderkonditionen bei Bestellung \u00fcber das Medienzentrum<\/strong><\/span><\/p>\n<p class=\"style24\" style=\"color: #666666;\">Bei Bestellungen \u00fcber ihr Medienzentrum\u00a0k\u00f6nnen die Grundschulen die Jahreslizenz zum reduzierten Preis\u00a0erwerben.<\/p>\n<p class=\"style24\" style=\"color: #666666;\">\n<p>&nbsp;<\/p>\n","protected":false},"excerpt":{"rendered":"<p>Was ist die Online-Diagnose Grundschule? Online-Diagnose Grundschule richtet sich an Lehrkr\u00e4fte der Klassen 2 bis 4. Das Programm unterst\u00fctzt diese darin, den Lernstand der Sch\u00fclerinnen und Sch\u00fcler in den F\u00e4chern Deutsch und Mathematik einfach, schnell und genau zu testen und zu diagnostizieren. So k\u00f6nnen die Lehrkr\u00e4fte fr\u00fchzeitig F\u00f6rderma\u00dfnahmen einleiten. Hierbei helfen die F\u00f6rdermaterialien, die auf &hellip; <\/p>\n<p class=\"link-more\"><a href=\"https:\/\/www.medienzentren-hessen.de\/?page_id=77\" class=\"more-link\"><span class=\"screen-reader-text\">\u201eOnline Diagnose Grundschule\u201c<\/span> weiterlesen<\/a><\/p>\n","protected":false},"author":1,"featured_media":0,"parent":0,"menu_order":0,"comment_status":"closed","ping_status":"closed","template":"","meta":{"footnotes":""},"class_list":["post-77","page","type-page","status-publish","hentry"],"_links":{"self":[{"href":"https:\/\/www.medienzentren-hessen.de\/index.php?rest_route=\/wp\/v2\/pages\/77","targetHints":{"allow":["GET"]}}],"collection":[{"href":"https:\/\/www.medienzentren-hessen.de\/index.php?rest_route=\/wp\/v2\/pages"}],"about":[{"href":"https:\/\/www.medienzentren-hessen.de\/index.php?rest_route=\/wp\/v2\/types\/page"}],"author":[{"embeddable":true,"href":"https:\/\/www.medienzentren-hessen.de\/index.php?rest_route=\/wp\/v2\/users\/1"}],"replies":[{"embeddable":true,"href":"https:\/\/www.medienzentren-hessen.de\/index.php?rest_route=%2Fwp%2Fv2%2Fcomments&post=77"}],"version-history":[{"count":3,"href":"https:\/\/www.medienzentren-hessen.de\/index.php?rest_route=\/wp\/v2\/pages\/77\/revisions"}],"predecessor-version":[{"id":229,"href":"https:\/\/www.medienzentren-hessen.de\/index.php?rest_route=\/wp\/v2\/pages\/77\/revisions\/229"}],"wp:attachment":[{"href":"https:\/\/www.medienzentren-hessen.de\/index.php?rest_route=%2Fwp%2Fv2%2Fmedia&parent=77"}],"curies":[{"name":"wp","href":"https:\/\/api.w.org\/{rel}","templated":true}]}}