{"id":73,"date":"2015-03-20T10:17:10","date_gmt":"2015-03-20T08:17:10","guid":{"rendered":"http:\/\/www.medienzentren-hessen.de\/?page_id=73"},"modified":"2018-06-03T17:28:29","modified_gmt":"2018-06-03T15:28:29","slug":"mastertool","status":"publish","type":"page","link":"https:\/\/www.medienzentren-hessen.de\/?page_id=73","title":{"rendered":"Mastertool"},"content":{"rendered":"<p style=\"color: #666666;\">Liebe KollegInnen,<\/p>\n<p style=\"color: #666666;\">die Medienzentren stellen allen LehrerInnen den Lizenzkey der Internetplattform zum MasterTool kostenfrei zur Verf\u00fcgung. Diese Lizenzen wurden mit der MasterTool-Software und den 100 Lernpaketen zusammen vom Medienzentrum finanziert .<\/p>\n<p style=\"color: #666666;\">Die MasterTool-Plattform ist ein hervorragendes Werkzeug zur Organisation Ihrer gesamten Unterrichtsvorbereitungen mit Medien. Au\u00dferdem besitzt es eine Arbeitsfl\u00e4che zum Arbeiten mit der Interaktiven Tafel, in der u.a. alle Tafelbilder und Medien verwendet werden k\u00f6nnen.<\/p>\n<p style=\"color: #666666;\"><img loading=\"lazy\" decoding=\"async\" src=\"http:\/\/www.mz-hochtaunus.de\/images\/MasterTool.jpg\" alt=\"\" width=\"640\" height=\"307\" \/><\/p>\n<p>&nbsp;<\/p>\n<p style=\"color: #666666;\">Wenn Sie sich noch nicht in Ihrem\u00a0Medienzentrum als LehrerIn angemeldet haben, so k\u00f6nnen Sie dies \u00fcber die\u00a0Webseite Ihres regionalen Medienzentrum ganz schnell nachholen.<\/p>\n<p>&nbsp;<\/p>\n","protected":false},"excerpt":{"rendered":"<p>Liebe KollegInnen, die Medienzentren stellen allen LehrerInnen den Lizenzkey der Internetplattform zum MasterTool kostenfrei zur Verf\u00fcgung. Diese Lizenzen wurden mit der MasterTool-Software und den 100 Lernpaketen zusammen vom Medienzentrum finanziert . Die MasterTool-Plattform ist ein hervorragendes Werkzeug zur Organisation Ihrer gesamten Unterrichtsvorbereitungen mit Medien. Au\u00dferdem besitzt es eine Arbeitsfl\u00e4che zum Arbeiten mit der Interaktiven Tafel, &hellip; <\/p>\n<p class=\"link-more\"><a href=\"https:\/\/www.medienzentren-hessen.de\/?page_id=73\" class=\"more-link\"><span class=\"screen-reader-text\">\u201eMastertool\u201c<\/span> weiterlesen<\/a><\/p>\n","protected":false},"author":1,"featured_media":0,"parent":0,"menu_order":0,"comment_status":"closed","ping_status":"closed","template":"","meta":{"footnotes":""},"class_list":["post-73","page","type-page","status-publish","hentry"],"_links":{"self":[{"href":"https:\/\/www.medienzentren-hessen.de\/index.php?rest_route=\/wp\/v2\/pages\/73","targetHints":{"allow":["GET"]}}],"collection":[{"href":"https:\/\/www.medienzentren-hessen.de\/index.php?rest_route=\/wp\/v2\/pages"}],"about":[{"href":"https:\/\/www.medienzentren-hessen.de\/index.php?rest_route=\/wp\/v2\/types\/page"}],"author":[{"embeddable":true,"href":"https:\/\/www.medienzentren-hessen.de\/index.php?rest_route=\/wp\/v2\/users\/1"}],"replies":[{"embeddable":true,"href":"https:\/\/www.medienzentren-hessen.de\/index.php?rest_route=%2Fwp%2Fv2%2Fcomments&post=73"}],"version-history":[{"count":3,"href":"https:\/\/www.medienzentren-hessen.de\/index.php?rest_route=\/wp\/v2\/pages\/73\/revisions"}],"predecessor-version":[{"id":227,"href":"https:\/\/www.medienzentren-hessen.de\/index.php?rest_route=\/wp\/v2\/pages\/73\/revisions\/227"}],"wp:attachment":[{"href":"https:\/\/www.medienzentren-hessen.de\/index.php?rest_route=%2Fwp%2Fv2%2Fmedia&parent=73"}],"curies":[{"name":"wp","href":"https:\/\/api.w.org\/{rel}","templated":true}]}}