{"id":71,"date":"2015-03-20T10:15:15","date_gmt":"2015-03-20T08:15:15","guid":{"rendered":"http:\/\/www.medienzentren-hessen.de\/?page_id=71"},"modified":"2025-11-18T12:13:49","modified_gmt":"2025-11-18T10:13:49","slug":"littera","status":"publish","type":"page","link":"https:\/\/www.medienzentren-hessen.de\/?page_id=71","title":{"rendered":"Littera"},"content":{"rendered":"\n<p>Die Zust\u00e4ndigkeiten bei Littera f\u00fcr Schulen in Hessen haben sich ge\u00e4ndert. Informationen dazu finden Sie unter folgenden Seiten:<\/p>\n\n\n\n<p><a href=\"https:\/\/www.littera.eu\/informationen-fuer-schulen\/deutschland\" target=\"_blank\" rel=\"noreferrer noopener\">https:\/\/www.littera.eu\/informationen-fuer-schulen\/deutschland<\/a><\/p>\n\n\n\n<p><a href=\"https:\/\/lehrkraefteakademie.hessen.de\/schule-und-unterricht\/schulbibliotheken\" target=\"_blank\" rel=\"noreferrer noopener\">https:\/\/lehrkraefteakademie.hessen.de\/schule-und-unterricht\/schulbibliotheken<\/a><\/p>\n\n\n\n<p><\/p>\n","protected":false},"excerpt":{"rendered":"<p>Die Zust\u00e4ndigkeiten bei Littera f\u00fcr Schulen in Hessen haben sich ge\u00e4ndert. Informationen dazu finden Sie unter folgenden Seiten: https:\/\/www.littera.eu\/informationen-fuer-schulen\/deutschland https:\/\/lehrkraefteakademie.hessen.de\/schule-und-unterricht\/schulbibliotheken<\/p>\n","protected":false},"author":1,"featured_media":0,"parent":0,"menu_order":0,"comment_status":"closed","ping_status":"closed","template":"","meta":{"footnotes":""},"class_list":["post-71","page","type-page","status-publish","hentry"],"_links":{"self":[{"href":"https:\/\/www.medienzentren-hessen.de\/index.php?rest_route=\/wp\/v2\/pages\/71","targetHints":{"allow":["GET"]}}],"collection":[{"href":"https:\/\/www.medienzentren-hessen.de\/index.php?rest_route=\/wp\/v2\/pages"}],"about":[{"href":"https:\/\/www.medienzentren-hessen.de\/index.php?rest_route=\/wp\/v2\/types\/page"}],"author":[{"embeddable":true,"href":"https:\/\/www.medienzentren-hessen.de\/index.php?rest_route=\/wp\/v2\/users\/1"}],"replies":[{"embeddable":true,"href":"https:\/\/www.medienzentren-hessen.de\/index.php?rest_route=%2Fwp%2Fv2%2Fcomments&post=71"}],"version-history":[{"count":5,"href":"https:\/\/www.medienzentren-hessen.de\/index.php?rest_route=\/wp\/v2\/pages\/71\/revisions"}],"predecessor-version":[{"id":369,"href":"https:\/\/www.medienzentren-hessen.de\/index.php?rest_route=\/wp\/v2\/pages\/71\/revisions\/369"}],"wp:attachment":[{"href":"https:\/\/www.medienzentren-hessen.de\/index.php?rest_route=%2Fwp%2Fv2%2Fmedia&parent=71"}],"curies":[{"name":"wp","href":"https:\/\/api.w.org\/{rel}","templated":true}]}}