{"id":69,"date":"2015-03-20T10:14:53","date_gmt":"2015-03-20T08:14:53","guid":{"rendered":"http:\/\/www.medienzentren-hessen.de\/?page_id=69"},"modified":"2018-05-23T20:09:42","modified_gmt":"2018-05-23T18:09:42","slug":"lernwerkstatt-8","status":"publish","type":"page","link":"https:\/\/www.medienzentren-hessen.de\/?page_id=69","title":{"rendered":"Lernwerkstatt 8"},"content":{"rendered":"<p style=\"color: #666666;\"><span style=\"color: #000000;\">F\u00fcr die Lernwerkstatt 8 wurde im Januar 2011 von den hessischen Medienzentren eine Landeslizenz f\u00fcr Grund- und F\u00f6rderschulen\u00a0erworben.<\/span><\/p>\n<p style=\"color: #666666;\"><span style=\"color: #000000;\"><strong>Die Auslieferung\u00a0der Software\u00a0erfolgte im Februar 2011 an alle Grund- und F\u00f6rderschulen, die im Medienzentrum aufgrund unserer eMail-Abfrage, Ihren Bedarf angemeldet haben.<\/strong><\/span><\/p>\n<p style=\"color: #666666;\"><span style=\"color: #000000;\">&#8211; Die Lernwerkstatt 8 ist im Umfang mindestens doppelt so m\u00e4chtig wie die Version 7.<\/span><br \/>\n<span style=\"color: #000000;\">&#8211; <strong><em>Die Inhalte und Lernmaschinen des beliebten <span style=\"color: #ff0000;\">Schreiblabors<\/span> sind jetzt f\u00fcr die Schulanf\u00e4nger auch <span style=\"color: #ff0000;\">in die Lernwerkstatt 8 integriert<\/span>.<\/em><\/strong><\/span><br \/>\n<span style=\"color: #000000;\">&#8211; Die Inhalte f\u00fcr die Klassenstufen 5 und 6 aus der Lernwerkstatt Sekundarstufe I sind ebenfalls in die Lernwerkstatt 8 integriert.<\/span><br \/>\n<span style=\"color: #000000;\">&#8211; Von Klasse 1-6 kann jetzt mit der Lernwerkstatt 8 in den Kernf\u00e4chern umfangreich ge\u00fcbt werden.<\/span><br \/>\n<span style=\"color: #000000;\">&#8211; Das beliebte Pushy-Spiel findet eine Fortsetzung mit der Variante &#8222;Pushy Castle&#8220;.<\/span><br \/>\n<span style=\"color: #000000;\">&#8211; Die Fremdsprachenbereiche wurden deutlich erweitert und verbessert.<\/span><br \/>\n<span style=\"color: #000000;\">&#8211; Ein Tafelbildgenerator zur Verwendung mit Beamer und Whiteboard wurde integriert.<\/span><br \/>\n<span style=\"color: #000000;\">&#8211; Ein kompletter Mathematik F\u00f6rderkurs, ein Maustrainer, Zeitlimiteinstellungen f\u00fcr Tests, speicherbare Profileinstellungen, uvm. sind nun Bestandteil der Lernwerkstatt.<\/span><br \/>\n<span style=\"color: #000000;\">Pfiffige Lernvideos statt Handbuch &#8211; Bequemer, einfacher und beliebig wiederholbar!<\/span><br \/>\n<span style=\"color: #000000;\">Zur Erleichterung des Kennenlernens der verschiedenen Lernwerkstattbereiche und Einsatzm\u00f6glichkeiten im Unterricht wurden kleine Videos produziert. Diese stehen online zur Verf\u00fcgung und k\u00f6nnen bequem auf dem Monitor betrachtet werden. Lehrkr\u00e4fte k\u00f6nnen auf diese Weise rasch erfahren, wie Lerngruppen angelegt werden, welche \u00dcbungseinstellungen m\u00f6glich sind, wie man selbst die verschiedenen Aufgabendateien erstellt und f\u00fcr den eigenen Unterricht verf\u00fcgbar macht, usw. Die Verf\u00fcgbarkeit dieser Videohilfen erleichtert die Fortbildung und auch den Einsatz bei den Kindern. Informieren Sie sich hierzu im Videobereich bei:<\/span><br \/>\n<span style=\"color: #000000;\"><a style=\"font-style: italic; color: #336699;\" href=\"http:\/\/www.lernwerkstatt8.de\/\" target=\"_blank\"><span style=\"color: #000000;\">http:\/\/www.lernwerkstatt8.de\/<\/span><\/a><\/span><\/p>\n<p style=\"color: #666666;\"><span style=\"color: #000000;\">Neue digitale Schulschriften als TrueTypeFonts (TTF)<\/span><br \/>\n<span style=\"color: #000000;\">Mit der Beschaffung der Landeslizenz \u201eLernwerkstatt 8\u201c erhalten die Lehrer\/innen 2011 von den Hessischen Medienzentren auch die aktuellen TrueTypeFonts f\u00fcr digitale Schulschriften.<\/span><br \/>\n<span style=\"color: #000000;\">Bei den Schriften, die Sie zusammen mit der neuen Lernwerkstatt 8 erhalten, handelt es sich um speziell f\u00fcr die Arbeit an Schulen entwickelte Zeichens\u00e4tze. Sie sollen Ihnen helfen, Ihre Arbeitsb\u00f6gen, OHP-Folien, Wortkarten, Lernspiele, Arbeitsmaterialien etc. noch effektiver und kindgerechter zu gestalten.<\/span><br \/>\n<span style=\"color: #000000;\">Alle Zeichens\u00e4tze lassen sich auf MS-DOS kompatiblen Computern unter MS-Windows und Apple-Macintosh-Computern benutzen. Sie erhalten sogenannte TrueType-Schriften, die auf allen Druckertypen qualitativ hochwertige Schriftbilder erzeugen.<\/span><br \/>\n<span style=\"color: #000000;\">Den Benutzern von MS-Windows sei das Zubeh\u00f6r \u00bbZeichentabelle \u00ab empfohlen, das besonders f\u00fcr Sonderzeichen und Bilderzeichens\u00e4tze eine \u00dcbersicht der Tastaturbelegung bietet, entsprechendes gilt beim Macintosh f\u00fcr das Apfel-Programm \u00bbTastatur\u00ab.<\/span><br \/>\n<span style=\"color: #000000;\">Einige der Zeichens\u00e4tze sind v\u00f6llig neu aufgelegt worden.<\/span><br \/>\n<span style=\"color: #000000;\">Im Einzelnen werden die folgenden Schriftarten geliefert:<\/span><br \/>\n<span style=\"color: #000000;\">\u2022 Schreibschriften VA + LA + SAS<\/span><br \/>\n<span style=\"color: #000000;\">\u2022 Druckschriften Nord, &#8211; S\u00fcd, Bayerndruck<\/span><br \/>\n<span style=\"color: #000000;\">\u2022 Schreib- und Druckschriften mit verschiedenen Lineaturen<\/span><br \/>\n<span style=\"color: #000000;\">\u2022 Outline-und Nachspurschriften<\/span><br \/>\n<span style=\"color: #000000;\">\u2022 Sonderfunktionen der Schriften<\/span><\/p>\n<p style=\"color: #666666;\">\n","protected":false},"excerpt":{"rendered":"<p>F\u00fcr die Lernwerkstatt 8 wurde im Januar 2011 von den hessischen Medienzentren eine Landeslizenz f\u00fcr Grund- und F\u00f6rderschulen\u00a0erworben. Die Auslieferung\u00a0der Software\u00a0erfolgte im Februar 2011 an alle Grund- und F\u00f6rderschulen, die im Medienzentrum aufgrund unserer eMail-Abfrage, Ihren Bedarf angemeldet haben. &#8211; Die Lernwerkstatt 8 ist im Umfang mindestens doppelt so m\u00e4chtig wie die Version 7. &#8211; &hellip; <\/p>\n<p class=\"link-more\"><a href=\"https:\/\/www.medienzentren-hessen.de\/?page_id=69\" class=\"more-link\"><span class=\"screen-reader-text\">\u201eLernwerkstatt 8\u201c<\/span> weiterlesen<\/a><\/p>\n","protected":false},"author":1,"featured_media":0,"parent":0,"menu_order":0,"comment_status":"closed","ping_status":"closed","template":"","meta":{"footnotes":""},"class_list":["post-69","page","type-page","status-publish","hentry"],"_links":{"self":[{"href":"https:\/\/www.medienzentren-hessen.de\/index.php?rest_route=\/wp\/v2\/pages\/69","targetHints":{"allow":["GET"]}}],"collection":[{"href":"https:\/\/www.medienzentren-hessen.de\/index.php?rest_route=\/wp\/v2\/pages"}],"about":[{"href":"https:\/\/www.medienzentren-hessen.de\/index.php?rest_route=\/wp\/v2\/types\/page"}],"author":[{"embeddable":true,"href":"https:\/\/www.medienzentren-hessen.de\/index.php?rest_route=\/wp\/v2\/users\/1"}],"replies":[{"embeddable":true,"href":"https:\/\/www.medienzentren-hessen.de\/index.php?rest_route=%2Fwp%2Fv2%2Fcomments&post=69"}],"version-history":[{"count":3,"href":"https:\/\/www.medienzentren-hessen.de\/index.php?rest_route=\/wp\/v2\/pages\/69\/revisions"}],"predecessor-version":[{"id":218,"href":"https:\/\/www.medienzentren-hessen.de\/index.php?rest_route=\/wp\/v2\/pages\/69\/revisions\/218"}],"wp:attachment":[{"href":"https:\/\/www.medienzentren-hessen.de\/index.php?rest_route=%2Fwp%2Fv2%2Fmedia&parent=69"}],"curies":[{"name":"wp","href":"https:\/\/api.w.org\/{rel}","templated":true}]}}