{"id":67,"date":"2015-03-20T10:14:23","date_gmt":"2015-03-20T08:14:23","guid":{"rendered":"http:\/\/www.medienzentren-hessen.de\/?page_id=67"},"modified":"2018-05-23T20:08:00","modified_gmt":"2018-05-23T18:08:00","slug":"euklid","status":"publish","type":"page","link":"https:\/\/www.medienzentren-hessen.de\/?page_id=67","title":{"rendered":"Euklid"},"content":{"rendered":"<p style=\"color: #666666;\"><span style=\"color: #000000;\"><strong>EUKLID DynaGeo<\/strong>\u00a0ist ein Computerprogramm zur &#8222;beweglichen Geometrie&#8220;. Es erm\u00f6glicht die Erstellung von\u00a0<strong>dynamischen Zeichnungen<\/strong>\u00a0d.h. Zeichnungen, in denen (manche) Punkte nachtr\u00e4glich (mit der Maus)verschoben werden k\u00f6nnen, ohne dass dabei die bei der Erstellung der Zeichnung festgelegten Zusammenh\u00e4nge zwischen den geometrischen Objekten verloren gehen.<\/span><\/p>\n<p style=\"color: #666666;\"><span style=\"color: #000000;\">Das Programm wurde\u00a02002 von den hessischen Medienzentren als Landeslizenz (erweiterte, umfassende Schullizenz) erworben.<\/span><\/p>\n<ul style=\"color: #666666;\">\n<li><span style=\"color: #000000;\">nur f\u00fcr die Sek. I Schulen in Hessen<\/span><\/li>\n<li><span style=\"color: #000000;\">f\u00fcr alle Rechner in den Schulen,<\/span><\/li>\n<li><span style=\"color: #000000;\">f\u00fcr alle Lehrer und Sch\u00fcler von angemeldeten Schulen auch zu Hause.<\/span><\/li>\n<\/ul>\n<p style=\"color: #666666;\"><span style=\"color: #000000;\">Einige Schulen benutzen noch die Version 2.4.c, die im Jahr 2002 auf Diskette ausgeliefert wurde. Installieren Sie die neue Version in das Verzeichnis der alten Version, so werden die Lizenzdaten \u00fcbernommen und Sie haben eine Vollversion installiert. Wer 2.4.c nicht benutzt hat oder bei wem das aus irgendwelchen Gr\u00fcnden nicht funktioniert, der muss eine Lizenzdatei in das EUKLID Dynageo Verzeichnis kopieren.<\/span><\/p>\n<p style=\"color: #666666;\"><span style=\"color: #ff0000;\"><strong>Die entsprechende Lizenz-Datei sendet Ihnen Ihr Medienzentrum auf Anfrage gerne per E-Mail zu!<\/strong><\/span><\/p>\n<p style=\"color: #666666;\"><span style=\"color: #000000;\">Hersteller:\u00a0\u00a0\u00a0\u00a0\u00a0\u00a0\u00a0<\/span><span style=\"color: #000000;\">Roland Mechling, 77654 Offenburg<br \/>\n<\/span><span style=\"color: #000000;\">eMail:<\/span><span style=\"color: #000000;\">\u00a0\u00a0\u00a0\u00a0\u00a0\u00a0\u00a0\u00a0\u00a0\u00a0\u00a0\u00a0\u00a0\u00a0<\/span><a style=\"font-style: italic; color: #336699;\" href=\"mailto:roland@mechling.de\"><span style=\"color: #0000ff;\">roland@mechling.de<\/span><\/a><br \/>\n<span style=\"color: #000000;\">Webseite:<\/span><span style=\"color: #000000;\">\u00a0\u00a0\u00a0\u00a0\u00a0\u00a0\u00a0\u00a0<\/span><a style=\"font-style: italic; color: #336699;\" href=\"http:\/\/www.dynageo.de\/\"><span style=\"color: #0000ff;\">www.dynageo.de<\/span><\/a><br \/>\n<span style=\"color: #000000;\">Lizenzerwerb:\u00a0<\/span><span style=\"color: #000000;\">2002, 2007<br \/>\n<\/span><span style=\"color: #000000;\">Laufzeit:<\/span><span style=\"color: #000000;\">\u00a0\u00a0\u00a0\u00a0\u00a0\u00a0\u00a0\u00a0\u00a0\u00a0<\/span><span style=\"color: #000000;\">unbegrenzt<\/span><\/p>\n<p><span style=\"color: #000000;\">\u00a0<\/span><\/p>\n<div id=\"tplge_footer\" style=\"color: #666666;\"><\/div>\n","protected":false},"excerpt":{"rendered":"<p>EUKLID DynaGeo\u00a0ist ein Computerprogramm zur &#8222;beweglichen Geometrie&#8220;. Es erm\u00f6glicht die Erstellung von\u00a0dynamischen Zeichnungen\u00a0d.h. Zeichnungen, in denen (manche) Punkte nachtr\u00e4glich (mit der Maus)verschoben werden k\u00f6nnen, ohne dass dabei die bei der Erstellung der Zeichnung festgelegten Zusammenh\u00e4nge zwischen den geometrischen Objekten verloren gehen. Das Programm wurde\u00a02002 von den hessischen Medienzentren als Landeslizenz (erweiterte, umfassende Schullizenz) erworben. nur &hellip; <\/p>\n<p class=\"link-more\"><a href=\"https:\/\/www.medienzentren-hessen.de\/?page_id=67\" class=\"more-link\"><span class=\"screen-reader-text\">\u201eEuklid\u201c<\/span> weiterlesen<\/a><\/p>\n","protected":false},"author":1,"featured_media":0,"parent":0,"menu_order":0,"comment_status":"closed","ping_status":"closed","template":"","meta":{"footnotes":""},"class_list":["post-67","page","type-page","status-publish","hentry"],"_links":{"self":[{"href":"https:\/\/www.medienzentren-hessen.de\/index.php?rest_route=\/wp\/v2\/pages\/67","targetHints":{"allow":["GET"]}}],"collection":[{"href":"https:\/\/www.medienzentren-hessen.de\/index.php?rest_route=\/wp\/v2\/pages"}],"about":[{"href":"https:\/\/www.medienzentren-hessen.de\/index.php?rest_route=\/wp\/v2\/types\/page"}],"author":[{"embeddable":true,"href":"https:\/\/www.medienzentren-hessen.de\/index.php?rest_route=\/wp\/v2\/users\/1"}],"replies":[{"embeddable":true,"href":"https:\/\/www.medienzentren-hessen.de\/index.php?rest_route=%2Fwp%2Fv2%2Fcomments&post=67"}],"version-history":[{"count":2,"href":"https:\/\/www.medienzentren-hessen.de\/index.php?rest_route=\/wp\/v2\/pages\/67\/revisions"}],"predecessor-version":[{"id":217,"href":"https:\/\/www.medienzentren-hessen.de\/index.php?rest_route=\/wp\/v2\/pages\/67\/revisions\/217"}],"wp:attachment":[{"href":"https:\/\/www.medienzentren-hessen.de\/index.php?rest_route=%2Fwp%2Fv2%2Fmedia&parent=67"}],"curies":[{"name":"wp","href":"https:\/\/api.w.org\/{rel}","templated":true}]}}