{"id":65,"date":"2015-03-20T10:13:53","date_gmt":"2015-03-20T08:13:53","guid":{"rendered":"http:\/\/www.medienzentren-hessen.de\/?page_id=65"},"modified":"2018-06-03T17:27:13","modified_gmt":"2018-06-03T15:27:13","slug":"cool-and-safe","status":"publish","type":"page","link":"https:\/\/www.medienzentren-hessen.de\/?page_id=65","title":{"rendered":"Cool and safe"},"content":{"rendered":"<p style=\"color: #666666;\"><strong><span style=\"color: #339966;\">\u201eCool and Safe\u201c ein web-basiertes Training zur Gewaltpr\u00e4vention f\u00fcr Kinder im Grundschulalter.<\/span><br \/>\n<\/strong><\/p>\n<p style=\"color: #666666;\">\u201eCool and Safe\u201c tr\u00e4gt dazu bei, die Selbstbehauptungskompetenzen von Kindern gegen\u00fcber Gleichaltrigen und Erwachsenen zu st\u00e4rken und vermittelt Handlungsstrategien zum Umgang mit Gefahrensituationen. Denn Grenzverletzungen wahrzunehmen und Lebenssituationen richtig zu bewerten, sind wichtige Voraussetzungen f\u00fcr die freie Entfaltung eines Menschen.<\/p>\n<p>\u201eCool and Safe\u201c ist ein internetbasiertes Trainingsprogramm, das mit vielen Filmen und Beispielen die Kinder aktiv einbezieht. Die Teilnahme an \u201eCool and Safe\u201c zeigt Kindern ihre Rechte auf und st\u00e4rkt ihre Kompetenzen im Umgang mit riskanten Situationen.\u00a0Das Training wurde unter Einbeziehung wissenschaftlicher Erkenntnisse und langj\u00e4hriger Erfahrungen in der gewaltpr\u00e4ventiven Arbeit mit Kindern und Jugendlichen entwickelt.<\/p>\n<p>Das Programm ist f\u00fcr die private Nutzung kostenfrei!<\/p>\n<p style=\"color: #666666;\">Weitere Informationen und den Zugang zu &#8222;Cool and Safe&#8220; finden Sie unter\u00a0<a style=\"font-style: italic; color: #336699;\" href=\"http:\/\/www.coolandsafe.eu\/index.php\">www.coolandsafe.eu<\/a><\/p>\n<p style=\"color: #666666;\">\n","protected":false},"excerpt":{"rendered":"<p>\u201eCool and Safe\u201c ein web-basiertes Training zur Gewaltpr\u00e4vention f\u00fcr Kinder im Grundschulalter. \u201eCool and Safe\u201c tr\u00e4gt dazu bei, die Selbstbehauptungskompetenzen von Kindern gegen\u00fcber Gleichaltrigen und Erwachsenen zu st\u00e4rken und vermittelt Handlungsstrategien zum Umgang mit Gefahrensituationen. Denn Grenzverletzungen wahrzunehmen und Lebenssituationen richtig zu bewerten, sind wichtige Voraussetzungen f\u00fcr die freie Entfaltung eines Menschen. \u201eCool and Safe\u201c &hellip; <\/p>\n<p class=\"link-more\"><a href=\"https:\/\/www.medienzentren-hessen.de\/?page_id=65\" class=\"more-link\"><span class=\"screen-reader-text\">\u201eCool and safe\u201c<\/span> weiterlesen<\/a><\/p>\n","protected":false},"author":1,"featured_media":0,"parent":0,"menu_order":0,"comment_status":"closed","ping_status":"closed","template":"","meta":{"footnotes":""},"class_list":["post-65","page","type-page","status-publish","hentry"],"_links":{"self":[{"href":"https:\/\/www.medienzentren-hessen.de\/index.php?rest_route=\/wp\/v2\/pages\/65","targetHints":{"allow":["GET"]}}],"collection":[{"href":"https:\/\/www.medienzentren-hessen.de\/index.php?rest_route=\/wp\/v2\/pages"}],"about":[{"href":"https:\/\/www.medienzentren-hessen.de\/index.php?rest_route=\/wp\/v2\/types\/page"}],"author":[{"embeddable":true,"href":"https:\/\/www.medienzentren-hessen.de\/index.php?rest_route=\/wp\/v2\/users\/1"}],"replies":[{"embeddable":true,"href":"https:\/\/www.medienzentren-hessen.de\/index.php?rest_route=%2Fwp%2Fv2%2Fcomments&post=65"}],"version-history":[{"count":3,"href":"https:\/\/www.medienzentren-hessen.de\/index.php?rest_route=\/wp\/v2\/pages\/65\/revisions"}],"predecessor-version":[{"id":226,"href":"https:\/\/www.medienzentren-hessen.de\/index.php?rest_route=\/wp\/v2\/pages\/65\/revisions\/226"}],"wp:attachment":[{"href":"https:\/\/www.medienzentren-hessen.de\/index.php?rest_route=%2Fwp%2Fv2%2Fmedia&parent=65"}],"curies":[{"name":"wp","href":"https:\/\/api.w.org\/{rel}","templated":true}]}}