{"id":63,"date":"2015-03-20T10:13:18","date_gmt":"2015-03-20T08:13:18","guid":{"rendered":"http:\/\/www.medienzentren-hessen.de\/?page_id=63"},"modified":"2018-05-23T20:06:57","modified_gmt":"2018-05-23T18:06:57","slug":"budenberg","status":"publish","type":"page","link":"https:\/\/www.medienzentren-hessen.de\/?page_id=63","title":{"rendered":"Budenberg"},"content":{"rendered":"<p style=\"color: #666666;\">Im Jahr 2007 hat das Land Hessen eine Landeslizenz f\u00fcr Grund- und F\u00f6rderschulen f\u00fcr die Version 10\/07 gekauft. Die Grund- und F\u00f6rderschulen haben alle eine personalisierte CD-Rom von dem Verlag bekommen.<\/p>\n<p style=\"color: #666666;\"><strong>Die Landeslizenz ist nun abgelaufen.<\/strong><\/p>\n<p style=\"color: #666666;\">Schulen, die an einer Nachbestellung interessiert sind, sollten sich direkt mit dem Verlag in Verbindung setzen. Dann kann im Einzelfall gepr\u00fcft werden ob die Schule schon eine \u00e4ltere Lizenz hat und nur ein Update ben\u00f6tigt oder die Vollversion kaufen muss.<\/p>\n<p style=\"color: #666666;\">Kontaktdaten des Verlages:<\/p>\n<p style=\"color: #666666;\">Budenberg Software Vertrieb<br \/>\nDienheimer Pfad 61<br \/>\n61169 Friedberg<\/p>\n<p style=\"color: #666666;\">Tel: 0700 \/ 28336237<br \/>\nE-Mail: Vertrieb@budenberg.de<\/p>\n<p style=\"color: #666666;\"><a style=\"font-style: italic; color: #336699;\" href=\"http:\/\/www.budenberg.de\/\">www.budenberg.de\u00a0<\/a><\/p>\n<p style=\"color: #666666;\">Falls Sie Interesse an einer neuerlichen Landeslizenz haben, bitte wir Sie Ihr zust\u00e4ndiges Medienzentrum dar\u00fcber zu informieren.<\/p>\n<p>&nbsp;<\/p>\n","protected":false},"excerpt":{"rendered":"<p>Im Jahr 2007 hat das Land Hessen eine Landeslizenz f\u00fcr Grund- und F\u00f6rderschulen f\u00fcr die Version 10\/07 gekauft. Die Grund- und F\u00f6rderschulen haben alle eine personalisierte CD-Rom von dem Verlag bekommen. Die Landeslizenz ist nun abgelaufen. Schulen, die an einer Nachbestellung interessiert sind, sollten sich direkt mit dem Verlag in Verbindung setzen. Dann kann im &hellip; <\/p>\n<p class=\"link-more\"><a href=\"https:\/\/www.medienzentren-hessen.de\/?page_id=63\" class=\"more-link\"><span class=\"screen-reader-text\">\u201eBudenberg\u201c<\/span> weiterlesen<\/a><\/p>\n","protected":false},"author":1,"featured_media":0,"parent":0,"menu_order":0,"comment_status":"closed","ping_status":"closed","template":"","meta":{"footnotes":""},"class_list":["post-63","page","type-page","status-publish","hentry"],"_links":{"self":[{"href":"https:\/\/www.medienzentren-hessen.de\/index.php?rest_route=\/wp\/v2\/pages\/63","targetHints":{"allow":["GET"]}}],"collection":[{"href":"https:\/\/www.medienzentren-hessen.de\/index.php?rest_route=\/wp\/v2\/pages"}],"about":[{"href":"https:\/\/www.medienzentren-hessen.de\/index.php?rest_route=\/wp\/v2\/types\/page"}],"author":[{"embeddable":true,"href":"https:\/\/www.medienzentren-hessen.de\/index.php?rest_route=\/wp\/v2\/users\/1"}],"replies":[{"embeddable":true,"href":"https:\/\/www.medienzentren-hessen.de\/index.php?rest_route=%2Fwp%2Fv2%2Fcomments&post=63"}],"version-history":[{"count":2,"href":"https:\/\/www.medienzentren-hessen.de\/index.php?rest_route=\/wp\/v2\/pages\/63\/revisions"}],"predecessor-version":[{"id":215,"href":"https:\/\/www.medienzentren-hessen.de\/index.php?rest_route=\/wp\/v2\/pages\/63\/revisions\/215"}],"wp:attachment":[{"href":"https:\/\/www.medienzentren-hessen.de\/index.php?rest_route=%2Fwp%2Fv2%2Fmedia&parent=63"}],"curies":[{"name":"wp","href":"https:\/\/api.w.org\/{rel}","templated":true}]}}