{"id":60,"date":"2015-03-20T10:11:30","date_gmt":"2015-03-20T08:11:30","guid":{"rendered":"http:\/\/www.medienzentren-hessen.de\/?page_id=60"},"modified":"2018-06-03T17:26:54","modified_gmt":"2018-06-03T15:26:54","slug":"antolin","status":"publish","type":"page","link":"https:\/\/www.medienzentren-hessen.de\/?page_id=60","title":{"rendered":"Antolin"},"content":{"rendered":"<p style=\"color: #666666;\"><span style=\"color: #ff6600;\"><strong>Was ist Antolin?<\/strong><\/span><\/p>\n<p class=\"style14\" style=\"color: #666666;\">Antolin<span class=\"style17\">\u00a0ist ein innovatives Portal zur Lesef\u00f6rderung von der ersten bis zur zehnten Klasse. Die Sch\u00fcler und Sch\u00fclerinnen lesen ein Buch und beantworten dann auf\u00a0<a style=\"font-style: italic; color: #336699;\" href=\"http:\/\/www.antolin.de\/\" target=\"_blank\">www.antolin.de<\/a>\u00a0interaktive Quizfragen zum Inhalt. Richtige Antworten werden mit Punkten auf dem Lesekonto belohnt!<\/span><\/p>\n<p class=\"style14\" style=\"color: #666666;\">So steigert Antolin die Lesemotivation und f\u00f6rdert dabei das Textverst\u00e4ndnis. F\u00fcr dieses erfolgreiche Konzept wurde Antolin bereits mehrfach ausgezeichnet.<\/p>\n<p class=\"style14\" style=\"color: #666666;\"><strong style=\"color: #ff6600;\"><br \/>\nSonderkonditionen bei Bestellungen \u00fcber das Medienzentrum<\/strong><\/p>\n<p class=\"style24\" style=\"color: #666666;\">Auch in diesem Jahr\u00a0werden\u00a0die Medienzentren\u00a0wieder Sonderkonditionen mit dem Schroedel Verlag aushandeln. Die Schulen \u00a0k\u00f6nnen \u00fcber ihr\u00a0Medienzentrum die Jahreslizenz f\u00fcr einen reduzierten Preis\u00a0erwerben. Informieren Sie sich bei Ihrem Medienzentrum ab Oktober \u00fcber den aktuellen reduzierten Preis.<\/p>\n<p style=\"color: #666666;\">\n<div id=\"pp_last_update\" style=\"color: #666666;\">Letzte Bearbeitung::\u00a023. Mai 2018<\/div>\n<p>&nbsp;<\/p>\n","protected":false},"excerpt":{"rendered":"<p>Was ist Antolin? Antolin\u00a0ist ein innovatives Portal zur Lesef\u00f6rderung von der ersten bis zur zehnten Klasse. Die Sch\u00fcler und Sch\u00fclerinnen lesen ein Buch und beantworten dann auf\u00a0www.antolin.de\u00a0interaktive Quizfragen zum Inhalt. Richtige Antworten werden mit Punkten auf dem Lesekonto belohnt! So steigert Antolin die Lesemotivation und f\u00f6rdert dabei das Textverst\u00e4ndnis. F\u00fcr dieses erfolgreiche Konzept wurde Antolin &hellip; <\/p>\n<p class=\"link-more\"><a href=\"https:\/\/www.medienzentren-hessen.de\/?page_id=60\" class=\"more-link\"><span class=\"screen-reader-text\">\u201eAntolin\u201c<\/span> weiterlesen<\/a><\/p>\n","protected":false},"author":1,"featured_media":0,"parent":0,"menu_order":0,"comment_status":"closed","ping_status":"closed","template":"","meta":{"footnotes":""},"class_list":["post-60","page","type-page","status-publish","hentry"],"_links":{"self":[{"href":"https:\/\/www.medienzentren-hessen.de\/index.php?rest_route=\/wp\/v2\/pages\/60","targetHints":{"allow":["GET"]}}],"collection":[{"href":"https:\/\/www.medienzentren-hessen.de\/index.php?rest_route=\/wp\/v2\/pages"}],"about":[{"href":"https:\/\/www.medienzentren-hessen.de\/index.php?rest_route=\/wp\/v2\/types\/page"}],"author":[{"embeddable":true,"href":"https:\/\/www.medienzentren-hessen.de\/index.php?rest_route=\/wp\/v2\/users\/1"}],"replies":[{"embeddable":true,"href":"https:\/\/www.medienzentren-hessen.de\/index.php?rest_route=%2Fwp%2Fv2%2Fcomments&post=60"}],"version-history":[{"count":3,"href":"https:\/\/www.medienzentren-hessen.de\/index.php?rest_route=\/wp\/v2\/pages\/60\/revisions"}],"predecessor-version":[{"id":225,"href":"https:\/\/www.medienzentren-hessen.de\/index.php?rest_route=\/wp\/v2\/pages\/60\/revisions\/225"}],"wp:attachment":[{"href":"https:\/\/www.medienzentren-hessen.de\/index.php?rest_route=%2Fwp%2Fv2%2Fmedia&parent=60"}],"curies":[{"name":"wp","href":"https:\/\/api.w.org\/{rel}","templated":true}]}}