{"id":47,"date":"2015-02-10T13:25:17","date_gmt":"2015-02-10T11:25:17","guid":{"rendered":"http:\/\/www.medienzentren-hessen.de\/?page_id=47"},"modified":"2020-04-08T20:45:30","modified_gmt":"2020-04-08T18:45:30","slug":"ueber-uns","status":"publish","type":"page","link":"https:\/\/www.medienzentren-hessen.de\/?page_id=47","title":{"rendered":"\u00dcber uns"},"content":{"rendered":"<p>Der Landesarbeitskreis kommunaler Medienzentren in Hessen e.V. &#8211; kurz LKM Medien Hessen wurde am 15. Juni 1955 als &#8222;Verband der Kreis- und Stadtbildstellenleiter Hessens&#8220; gegr\u00fcndet.<\/p>\n<p>Der Verein verfolgt ausschlie\ufb02lich gemein\u00fctzige Zwecke.<br \/>\nZweck des Vereins ist die F\u00f6rderung von Bildung und Erziehung. Dies soll vor allem erreicht werden durch:<\/p>\n<ul>\n<li>St\u00e4rkung und systematische Weiterentwicklung der kommunalen Medienzentren in Hessen<\/li>\n<li>Durchf\u00fchrung von medienp\u00e4dagogischen und mediendidaktischen Bildungsveranstaltungen<\/li>\n<li>F\u00f6rderung eines sachgerechten, p\u00e4dagogisch sinnvollen Einsatzes von Medien und lnformationstechnologien in schulischer und ausserschulischer Bildung<\/li>\n<li>Mitwirkung auf allen gesellschaftlichen und politischen Ebenen, die die notwendigen Rahmenbedingungen f\u00fcr den Medieneinsatz im Bildungsbereich sicherstellen<\/li>\n<\/ul>\n<p>Wie ein roter Faden ziehen durch die Vereinsgeschichte die beiden Themenbereiche Aufgaben eines Medienzentrums und die daf\u00fcr notwendige personelle und sachliche Ausstattung.<br \/>\nGesellschaftliche und technische Ver\u00e4nderungen erforderten und erfordern regelm\u00e4\u00dfige\u00a0Neubestimmungen der Medienbildung und Mediendistribution.<\/p>\n","protected":false},"excerpt":{"rendered":"<p>Der Landesarbeitskreis kommunaler Medienzentren in Hessen e.V. &#8211; kurz LKM Medien Hessen wurde am 15. Juni 1955 als &#8222;Verband der Kreis- und Stadtbildstellenleiter Hessens&#8220; gegr\u00fcndet. Der Verein verfolgt ausschlie\ufb02lich gemein\u00fctzige Zwecke. Zweck des Vereins ist die F\u00f6rderung von Bildung und Erziehung. Dies soll vor allem erreicht werden durch: St\u00e4rkung und systematische Weiterentwicklung der kommunalen Medienzentren &hellip; <\/p>\n<p class=\"link-more\"><a href=\"https:\/\/www.medienzentren-hessen.de\/?page_id=47\" class=\"more-link\"><span class=\"screen-reader-text\">\u201e\u00dcber uns\u201c<\/span> weiterlesen<\/a><\/p>\n","protected":false},"author":1,"featured_media":0,"parent":0,"menu_order":0,"comment_status":"closed","ping_status":"closed","template":"","meta":{"footnotes":""},"class_list":["post-47","page","type-page","status-publish","hentry"],"_links":{"self":[{"href":"https:\/\/www.medienzentren-hessen.de\/index.php?rest_route=\/wp\/v2\/pages\/47","targetHints":{"allow":["GET"]}}],"collection":[{"href":"https:\/\/www.medienzentren-hessen.de\/index.php?rest_route=\/wp\/v2\/pages"}],"about":[{"href":"https:\/\/www.medienzentren-hessen.de\/index.php?rest_route=\/wp\/v2\/types\/page"}],"author":[{"embeddable":true,"href":"https:\/\/www.medienzentren-hessen.de\/index.php?rest_route=\/wp\/v2\/users\/1"}],"replies":[{"embeddable":true,"href":"https:\/\/www.medienzentren-hessen.de\/index.php?rest_route=%2Fwp%2Fv2%2Fcomments&post=47"}],"version-history":[{"count":4,"href":"https:\/\/www.medienzentren-hessen.de\/index.php?rest_route=\/wp\/v2\/pages\/47\/revisions"}],"predecessor-version":[{"id":289,"href":"https:\/\/www.medienzentren-hessen.de\/index.php?rest_route=\/wp\/v2\/pages\/47\/revisions\/289"}],"wp:attachment":[{"href":"https:\/\/www.medienzentren-hessen.de\/index.php?rest_route=%2Fwp%2Fv2%2Fmedia&parent=47"}],"curies":[{"name":"wp","href":"https:\/\/api.w.org\/{rel}","templated":true}]}}