{"id":25,"date":"2014-09-19T10:01:22","date_gmt":"2014-09-19T08:01:22","guid":{"rendered":"http:\/\/www.medienzentren-hessen.de\/?page_id=25"},"modified":"2020-02-05T12:19:17","modified_gmt":"2020-02-05T10:19:17","slug":"impressum","status":"publish","type":"page","link":"https:\/\/www.medienzentren-hessen.de\/?page_id=25","title":{"rendered":"Impressum"},"content":{"rendered":"<p class=\"p1\">Impressum<\/p>\n<p class=\"p1\"><em><strong>Landesarbeitskreis kommunaler Medienzentren in Hessen e.V.<\/strong><\/em><\/p>\n<p>c\/o Medienzentrum Hochtaunuskreis<\/p>\n<p>F\u00e4rberstra\u00dfe 10<br \/>\n61381 Friedrichsdorf<\/p>\n<p><a href=\"mz@mz-hochtaunus.de\">mz@mz-hochtaunus.de<\/a><\/p>\n<p><strong><em>Verantwortlich f\u00fcr die Webseite<\/em><\/strong><\/p>\n<p>Peter Herden,\u00a0Medienzentrum Hochtaunus<\/p>\n<p>Herden@mz-hochtaunus.de<\/p>\n<p style=\"font-style: italic; color: #0d150e;\"><strong>Haftungsausschluss<\/strong><br \/>\n<strong>1. Inhalt des Onlineangebotes<\/strong><br \/>\nDer LKM Hessen\u00a0\u00fcbernimmt keinerlei Gew\u00e4hr f\u00fcr die Aktualit\u00e4t, Korrektheit, Vollst\u00e4ndigkeit oder Qualit\u00e4t der bereitgestellten Informationen. Haftungsanspr\u00fcche gegen das Medienzentrum, welche sich auf Sch\u00e4den materieller oder ideeller Art beziehen, die durch die Nutzung oder Nichtnutzung der dargebotenen Informationen bzw. durch die Nutzung fehlerhafter und unvollst\u00e4ndiger Informationen verursacht wurden, sind grunds\u00e4tzlich ausgeschlossen, sofern seitens des LKM Hessen\u00a0kein nachweislich vors\u00e4tzliches oder grob fahrl\u00e4ssiges Verschulden vorliegt.<br \/>\nAlle Angebote sind freibleibend und unverbindlich. Der\u00a0LKM Hessen\u00a0beh\u00e4lt es sich ausdr\u00fccklich vor, Teile der Seiten oder das gesamte Angebot ohne gesonderte Ank\u00fcndigung zu ver\u00e4ndern, zu erg\u00e4nzen, zu l\u00f6schen oder die Ver\u00f6ffentlichung zeitweise oder endg\u00fcltig einzustellen.<\/p>\n<p style=\"font-style: italic; color: #0d150e;\"><strong>2. Verweise und Links<\/strong><br \/>\nBei direkten oder indirekten Verweisen auf fremde Internetseiten (\u201cLinks\u201d), die au\u00dferhalb des Verantwortungsbereiches des LKM Hessen\u00a0liegen, w\u00fcrde eine Haftungsverpflichtung ausschlie\u00dflich in dem Fall in Kraft treten, in dem\u00a0der\u00a0LKM Hessen von den Inhalten Kenntnis hat und es ihm technisch m\u00f6glich und zumutbar w\u00e4re, die Nutzung im Falle rechtswidriger Inhalte zu verhindern.<br \/>\nDer\u00a0LKM Hessen\u00a0erkl\u00e4rt hiermit ausdr\u00fccklich, dass zum Zeitpunkt der Linksetzung keine illegalen Inhalte auf den zu verlinkenden Seiten erkennbar waren. Auf die aktuelle und zuk\u00fcnftige Gestaltung, die Inhalte oder die Urheberschaft der gelinkten\/verkn\u00fcpften Seiten hat der\u00a0LKM Hessen\u00a0keinerlei Einfluss. Deshalb distanziert er sich hiermit ausdr\u00fccklich von allen Inhalten aller gelinkten \/verkn\u00fcpften Seiten, die nach der Linksetzung ver\u00e4ndert wurden. Diese Feststellung gilt f\u00fcr alle innerhalb des eigenen Internetangebotes gesetzten Links und Verweise sowie f\u00fcr Fremdeintr\u00e4ge in vom LKM Hessen\u00a0eingerichteten G\u00e4steb\u00fcchern, Diskussionsforen und Mailinglisten. F\u00fcr illegale, fehlerhafte oder unvollst\u00e4ndige Inhalte und insbesondere f\u00fcr Sch\u00e4den, die aus der Nutzung oder Nichtnutzung solcherart dargebotener Informationen entstehen, haftet allein der Anbieter der Seite, auf welche verwiesen wurde, nicht derjenige, der \u00fcber Links auf die jeweilige Ver\u00f6ffentlichung lediglich verweist.<\/p>\n<p style=\"font-style: italic; color: #0d150e;\"><strong>3. Urheber- und Kennzeichenrecht<\/strong><br \/>\nDer\u00a0LKM Hessen\u00a0ist bestrebt, in allen Publikationen die Urheberrechte der verwendeten Grafiken, Tondokumente, Videosequenzen und Texte zu beachten, von ihm selbst erstellte Grafiken, Tondokumente, Videosequenzen und Texte zu nutzen oder auf lizenzfreie Grafiken, Tondokumente, Videosequenzen und Texte zur\u00fcckzugreifen.<br \/>\nAlle innerhalb des Internetangebotes genannten und ggf. durch Dritte gesch\u00fctzten Marken- und Warenzeichen unterliegen uneingeschr\u00e4nkt den Bestimmungen des jeweils g\u00fcltigen Kennzeichenrechts und den Besitzrechten der jeweiligen eingetragenen Eigent\u00fcmer. Allein aufgrund der blo\u00dfen Nennung ist nicht der Schluss zu ziehen, dass Markenzeichen nicht durch Rechte Dritter gesch\u00fctzt sind.<br \/>\nDas Copyright f\u00fcr ver\u00f6ffentlichte, vom LKM Hessen\u00a0selbst erstellte Objekte bleibt allein beim Medienzentrum. Eine Vervielf\u00e4ltigung oder Verwendung solcher Grafiken, Tondokumente, Videosequenzen und Texte in anderen elektronischen oder gedruckten Publikationen ist ohne ausdr\u00fcckliche Zustimmung des LKM Hessen\u00a0nicht gestattet.<\/p>\n<p style=\"font-style: italic; color: #0d150e;\"><strong>4. Datenschutz, Sicherheitshinweis\u00a0<\/strong><br \/>\nSofern innerhalb des Internetangebotes die M\u00f6glichkeit zur Eingabe pers\u00f6nlicher oder gesch\u00e4ftlicher Daten (Emailadressen, Namen, Anschriften) besteht, so erfolgt die Preisgabe dieser Daten seitens des Nutzers auf ausdr\u00fccklich freiwilliger Basis. Die Inanspruchnahme und Bezahlung aller angebotenen Dienste ist \u2013 soweit technisch m\u00f6glich und zumutbar \u2013 auch ohne Angabe solcher Daten bzw. unter Angabe anonymisierter Daten oder eines Pseudonyms gestattet.<br \/>\nWegen der bekannten Risiken sollten sensible Daten nicht per Email verschickt werden. Ihre Emails und die online versendbaren Formulare werden ohne zus\u00e4tzliche Verschl\u00fcsselungstechniken an uns weiter geleitet.<\/p>\n","protected":false},"excerpt":{"rendered":"<p>Impressum Landesarbeitskreis kommunaler Medienzentren in Hessen e.V. c\/o Medienzentrum Hochtaunuskreis F\u00e4rberstra\u00dfe 10 61381 Friedrichsdorf mz@mz-hochtaunus.de Verantwortlich f\u00fcr die Webseite Peter Herden,\u00a0Medienzentrum Hochtaunus Herden@mz-hochtaunus.de Haftungsausschluss 1. Inhalt des Onlineangebotes Der LKM Hessen\u00a0\u00fcbernimmt keinerlei Gew\u00e4hr f\u00fcr die Aktualit\u00e4t, Korrektheit, Vollst\u00e4ndigkeit oder Qualit\u00e4t der bereitgestellten Informationen. Haftungsanspr\u00fcche gegen das Medienzentrum, welche sich auf Sch\u00e4den materieller oder ideeller Art &hellip; <\/p>\n<p class=\"link-more\"><a href=\"https:\/\/www.medienzentren-hessen.de\/?page_id=25\" class=\"more-link\"><span class=\"screen-reader-text\">\u201eImpressum\u201c<\/span> weiterlesen<\/a><\/p>\n","protected":false},"author":1,"featured_media":0,"parent":0,"menu_order":0,"comment_status":"closed","ping_status":"closed","template":"","meta":{"footnotes":""},"class_list":["post-25","page","type-page","status-publish","hentry"],"_links":{"self":[{"href":"https:\/\/www.medienzentren-hessen.de\/index.php?rest_route=\/wp\/v2\/pages\/25","targetHints":{"allow":["GET"]}}],"collection":[{"href":"https:\/\/www.medienzentren-hessen.de\/index.php?rest_route=\/wp\/v2\/pages"}],"about":[{"href":"https:\/\/www.medienzentren-hessen.de\/index.php?rest_route=\/wp\/v2\/types\/page"}],"author":[{"embeddable":true,"href":"https:\/\/www.medienzentren-hessen.de\/index.php?rest_route=\/wp\/v2\/users\/1"}],"replies":[{"embeddable":true,"href":"https:\/\/www.medienzentren-hessen.de\/index.php?rest_route=%2Fwp%2Fv2%2Fcomments&post=25"}],"version-history":[{"count":10,"href":"https:\/\/www.medienzentren-hessen.de\/index.php?rest_route=\/wp\/v2\/pages\/25\/revisions"}],"predecessor-version":[{"id":253,"href":"https:\/\/www.medienzentren-hessen.de\/index.php?rest_route=\/wp\/v2\/pages\/25\/revisions\/253"}],"wp:attachment":[{"href":"https:\/\/www.medienzentren-hessen.de\/index.php?rest_route=%2Fwp%2Fv2%2Fmedia&parent=25"}],"curies":[{"name":"wp","href":"https:\/\/api.w.org\/{rel}","templated":true}]}}