{"id":180,"date":"2016-09-02T09:35:01","date_gmt":"2016-09-02T07:35:01","guid":{"rendered":"http:\/\/www.medienzentren-hessen.de\/?page_id=180"},"modified":"2018-06-03T17:33:26","modified_gmt":"2018-06-03T15:33:26","slug":"mybookmaschine","status":"publish","type":"page","link":"https:\/\/www.medienzentren-hessen.de\/?page_id=180","title":{"rendered":"Mybookmaschine"},"content":{"rendered":"<h1>MyBookMachine &#8211; Interaktive B\u00fccher selber erstellen<\/h1>\n<h2>Die Medienzentren in Hessen haben Mybookmaschine als neue Landeslizenz angeschafft<\/h2>\n<h2>Was k\u00f6nnen Sie mit MyBookMachine machen?<\/h2>\n<p>Erstellen Sie, ob alleine oder zusammen mit Ihren Sch\u00fclern, lebendige interaktive elektronische B\u00fccher, Workbooks, E-Themenhefte und vieles mehr. Blitzschnell werden Sie zum Autor Ihrer eigenen multimedialen Sach- und Lehrb\u00fccher. Bauen Sie so Ihre eigene digitale (Schul)-Bibliothek auf! Mit dem Autorenwerkzeug bestimmen Sie ganz individuell, ob Ihre B\u00fccher von den Lesern weiterbearbeitet und ver\u00e4ndert werden d\u00fcrfen oder ob Sie ihnen nur zum \u201eLesen und Durcharbeiten\u201c zur Verf\u00fcgung stehen sollen. Ihre Sch\u00fcler\/Lerner\/Leser \u00f6ffnen das fertige E-Book dann mit dem kostenlosen Player von MyBookMachine.<\/p>\n<p><strong><span style=\"color: #ff0000;\">Melden Sie sich bei Ihrem Medienzentrum wegen der freien Lizenz &#8211; nur hessische Lehrkr\u00e4fte!!<\/span><\/strong><\/p>\n<h2>\u00a0MyBookMachine App<\/h2>\n<p>Lesen Sie Interaktive MyBookMachine-B\u00fccher auf Ihrem mobilen Ger\u00e4t. Mit dem MyBookMachine Player k\u00f6nnen Sie und Ihre Leser oder Sch\u00fcler alle Interaktiven B\u00fccher lesen und durcharbeiten, die mit dem MBM Editor erstellt worden sind.<\/p>\n<p>Handbuch herunterladen<\/p>\n<p><a title=\"Handbuch Teil-I Editor\" href=\"http:\/\/www.mybookmachine-online.de\/live\/?book=\/dl\/6rE2A402JoPts\" target=\"_blank\" rel=\"nofollow\">MyBookMachine Handbuch Teil-I\u00a0Editor<\/a><br \/>\n<a title=\"Handbuch Teil-II Medienobjekte\" href=\"http:\/\/www.mybookmachine-online.de\/live\/?book=\/dl\/ZUpDME1T0vuUk\" target=\"_blank\" rel=\"nofollow\">MyBookMachine Handbuch Teil-II &#8211; Medienobjekte<br \/>\n<\/a><em>\u00bb Handb\u00fccher \u00f6ffnen sich automatisch\u00a0im MyBookMachine Online-Player<\/em><\/p>\n<p>&nbsp;<\/p>\n<h3>MyBookMachine-Demobuch<\/h3>\n<p><strong><a title=\"MyBookMachine-Buch-Unterwegs-im-WWW-KirstinGramowski\" href=\"http:\/\/www.cotec.de\/media\/archive\/MyBookMachine-Buch-Unterwegs-im-WWW-KirstinGramowski.zip\" target=\"_blank\">\u00a0MyBookMachine:<\/a><\/strong><a title=\"MyBookMachine-Buch-Unterwegs-im-WWW-KirstinGramowski\" href=\"http:\/\/www.cotec.de\/media\/archive\/MyBookMachine-Buch-Unterwegs-im-WWW-KirstinGramowski.zip\" target=\"_blank\">\u00a0Unterwegs im WWW<\/a><a title=\"MyBookMachine-Buch-Unterwegs-im-WWW-KirstinGramowski\" href=\"http:\/\/www.cotec.de\/media\/archive\/MyBookMachine-Buch-Unterwegs-im-WWW-KirstinGramowski.zip\" target=\"_blank\"><br \/>\n<\/a>Autor: Kirstin Gramowski<\/p>\n<h2>Erstellen Sie lebendige B\u00fccher mit MyBookMachine.<\/h2>\n<p>MyBookMachine gestattet Ihnen nat\u00fcrlich Texte, Bilder, Videos, Audios, Tabellen, Grafiken etc. einzubetten. Doch nicht nur das &#8211; Sie k\u00f6nnen auch z.B. Bilder mit Aktionen versehen. Mit einem Klick auf ein Bild \u00f6ffnet sich z.B. ein Video in YouTube oder ein Video in einem geschlossenen Videoplayer. Verlinken Sie ein Word-Dokument zu einer bestimmten Fragestellung oder eine interaktive \u00dcbung (z. B. MasterTool), die dann von Ihren Lesern\/Sch\u00fclern bearbeitet wird.<\/p>\n<p>&nbsp;<\/p>\n<h2>Arbeiten mit MyBookMachine<\/h2>\n<p>Bereits vorhandene Dateien k\u00f6nnen Sie mit MyBookMachine problemlos weiter verwenden \u2013 \u00fcbernehmen Sie dazu entweder die Inhalte oder verlinken Sie nur zu den jeweiligen Dateien. Dabei m\u00fcssen Sie auf keinen Fall Arbeit doppelt machen. Texte, Bilder, PDF, Video, Audio-Dateien und Tabellen k\u00f6nnen Sie direkt in Ihr Buch einbetten. Word-Dokumente, Excel-Sheets, MasterTool-\u00dcbungen, PowerPoint, Smart-Notebook-Dateien etc. verbinden Sie dagegen geschickt und einfach \u00fcber externe Links.<\/p>\n<p>Speichern Sie Ihr fertiges Buch, wird zun\u00e4chst eine \u201embk-Datei\u201c erstellt. Diese sehr kleine Datei enth\u00e4lt nur die Links zu den verkn\u00fcpften Objekten (also z.B. den Pfad zu dem verwendeten Video ect.). Da in der mbk-Datei nur die Pfade zu den Dateien enthalten sind, arbeitet nur Sie als Autor damit.<\/p>\n<p>&nbsp;<\/p>\n<p>Um nun ALLE Dateien, die zu dem Buch geh\u00f6ren (PDF, Audio, Video, Bilder, MTT, etc.) vom System vollautomatisch in eine einzige Container-Datei zu b\u00fcndeln, packen Sie als zweiten Schritt eine \u201embkx-Datei\u201c. Diese k\u00f6nnen Sie nun an Ihre Leser\/Sch\u00fcler weitergeben, damit diese dann mit allen darin enthaltenen Objekten (PDF, DOC, XLS, MTT, Video, etc.) arbeiten k\u00f6nnen. Nat\u00fcrlich k\u00f6nnen Sie bei Erstellen Ihres digitalen Buches festlegen, ob die \u201eWiedergabe\u201c und\/oder Weiterbearbeitung der Datei frei oder passwortgesch\u00fctzt erfolgen soll.<\/p>\n<p>Wichtig dabei ist, dass z.B. Video- oder Audio-Dateien, die Sie direkt in Ihr Buch eingepflegt haben nur mit dem integrierten Player anschau-\/anh\u00f6rbar sind. Sie k\u00f6nnen nicht einfach aus dem Buch herausgel\u00f6st und weitergegeben werden.<\/p>\n<p><strong>Diese Vorteile bietet Ihnen MyBookMachine:<\/strong><\/p>\n<ul>\n<li>Einfache Bedienbarkeit<\/li>\n<li>Kontinuierliche Erweiterung um neue Funktionen<\/li>\n<li>St\u00e4ndige Verf\u00fcgbarkeit<\/li>\n<li>Einfachstes Publizieren Ihrer Inhalte<\/li>\n<\/ul>\n<p><strong>Multimediale interaktive B\u00fccher f\u00fcr PC, Laptop, Tablet und Netzwerke herzustellen ist so einfach:<\/strong><\/p>\n<ol>\n<li>Buch neu anlegen &#8230;<\/li>\n<li>Gew\u00fcnschte Vorlegen f\u00fcr den Seitenaufbau aussuchen &#8230;<\/li>\n<li>Seite f\u00fcr Seite mit Inhalt f\u00fcllen: Texte, Bilder, Aufgaben, Videos, Interaktionen &#8230;<\/li>\n<li>Abspeichern und publizieren.\u00a0Falls n\u00f6tig, ist Ihr digitales Buch auch sp\u00e4ter noch jederzeit \u00e4nderbar und erweiterbar.<\/li>\n<\/ol>\n<h2>Unser Tipp f\u00fcr gro\u00dfe Video- und Bilddateien:<\/h2>\n<p>Umfangreiche Video- und Bilddateien machen Ihr Buch unn\u00f6tig gro\u00df. \u00dcberlegen Sie nur, was passiert, wenn in Ihrer Klasse 24 Sch\u00fcler gleichzeitig ein Buch mit 100 MB \u00fcber WLAN auf ihren Tablets \u00f6ffnen wollen. Konvertieren Sie daher unbedingt Ihre Videos\/Bilder und erstellen Sie m\u00f6glichst kleine Video-\/Bilddateien bevor Sie diese in Ihr interaktives Buch einbinden.<\/p>\n<p>Der einfachste kostenfreie Video-Konverter ist\u00a0<strong>Miro Video Converter<\/strong>.\u00a0Auch\u00a0<strong>Format Factory Converter<\/strong>\u00a0hat zahlreiche M\u00f6glichkeiten. Beide Programme sind aktuell kostenfrei und \u00fcber die Google-Suche schnell zu finden. Achten Sie darauf, dass Sie nicht versehentlich andere unerw\u00fcnschte Programme mitinstallieren. Die Download-Anbieter von kostenlosen Anwendungen packen oft noch andere Programme dazu.<\/p>\n<p>Am besten erstellen Sie aus Ihren Videos\u00a0<strong>MP4 Videos mit H264<\/strong>\u00a0\u2013 die beiden erw\u00e4hnten Programme helfen Ihnen dabei.<\/p>\n<p>Weitere Infos und Wissen \u00fcber Formate, Bitrates etc. erhalten Sie \u00fcber diese Seite:<\/p>\n<p><a title=\"What bitrate should I use\" href=\"http:\/\/www.ezs3.com\/public\/What_bitrate_should_I_use_when_encoding_my_video_How_do_I_optimize_my_video_for_the_web.cfm\" target=\"_blank\" rel=\"nofollow\">http:\/\/www.ezs3.com\/public\/What_bitrate_should_I_use_when_encoding_my_video_How_do_I_optimize_my_video_for_the_web.cfm<\/a><\/p>\n<p>&nbsp;<\/p>\n<p>&nbsp;<\/p>\n","protected":false},"excerpt":{"rendered":"<p>MyBookMachine &#8211; Interaktive B\u00fccher selber erstellen Die Medienzentren in Hessen haben Mybookmaschine als neue Landeslizenz angeschafft Was k\u00f6nnen Sie mit MyBookMachine machen? Erstellen Sie, ob alleine oder zusammen mit Ihren Sch\u00fclern, lebendige interaktive elektronische B\u00fccher, Workbooks, E-Themenhefte und vieles mehr. Blitzschnell werden Sie zum Autor Ihrer eigenen multimedialen Sach- und Lehrb\u00fccher. Bauen Sie so Ihre &hellip; <\/p>\n<p class=\"link-more\"><a href=\"https:\/\/www.medienzentren-hessen.de\/?page_id=180\" class=\"more-link\"><span class=\"screen-reader-text\">\u201eMybookmaschine\u201c<\/span> weiterlesen<\/a><\/p>\n","protected":false},"author":1,"featured_media":0,"parent":0,"menu_order":0,"comment_status":"closed","ping_status":"closed","template":"","meta":{"footnotes":""},"class_list":["post-180","page","type-page","status-publish","hentry"],"_links":{"self":[{"href":"https:\/\/www.medienzentren-hessen.de\/index.php?rest_route=\/wp\/v2\/pages\/180","targetHints":{"allow":["GET"]}}],"collection":[{"href":"https:\/\/www.medienzentren-hessen.de\/index.php?rest_route=\/wp\/v2\/pages"}],"about":[{"href":"https:\/\/www.medienzentren-hessen.de\/index.php?rest_route=\/wp\/v2\/types\/page"}],"author":[{"embeddable":true,"href":"https:\/\/www.medienzentren-hessen.de\/index.php?rest_route=\/wp\/v2\/users\/1"}],"replies":[{"embeddable":true,"href":"https:\/\/www.medienzentren-hessen.de\/index.php?rest_route=%2Fwp%2Fv2%2Fcomments&post=180"}],"version-history":[{"count":4,"href":"https:\/\/www.medienzentren-hessen.de\/index.php?rest_route=\/wp\/v2\/pages\/180\/revisions"}],"predecessor-version":[{"id":232,"href":"https:\/\/www.medienzentren-hessen.de\/index.php?rest_route=\/wp\/v2\/pages\/180\/revisions\/232"}],"wp:attachment":[{"href":"https:\/\/www.medienzentren-hessen.de\/index.php?rest_route=%2Fwp%2Fv2%2Fmedia&parent=180"}],"curies":[{"name":"wp","href":"https:\/\/api.w.org\/{rel}","templated":true}]}}